{"id":5,"date":"2019-07-25T13:28:51","date_gmt":"2019-07-25T11:28:51","guid":{"rendered":"http:\/\/facebrealisation.org\/?page_id=5"},"modified":"2024-06-17T09:59:26","modified_gmt":"2024-06-17T07:59:26","slug":"qui-sommes-nous","status":"publish","type":"page","link":"https:\/\/facebrealisation.org\/index.php\/qui-sommes-nous\/","title":{"rendered":"Qui sommes-nous ?"},"content":{"rendered":"\n<h2 class=\"wp-block-heading\"><\/h2>\n\n\n\n<p><\/p>\n\n\n\n<p><\/p>\n\n\n\n<p><\/p>\n\n\n\n<figure class=\"wp-block-image\"><img loading=\"lazy\" decoding=\"async\" width=\"1024\" height=\"576\" src=\"https:\/\/facebrealisation.org\/wp-content\/uploads\/2019\/07\/Michelle-Smile-1024x690-1024x576-1024x576.jpg\" alt=\"\" class=\"wp-image-6\" srcset=\"https:\/\/facebrealisation.org\/wp-content\/uploads\/2019\/07\/Michelle-Smile-1024x690-1024x576.jpg 1024w, https:\/\/facebrealisation.org\/wp-content\/uploads\/2019\/07\/Michelle-Smile-1024x690-1024x576-300x169.jpg 300w, https:\/\/facebrealisation.org\/wp-content\/uploads\/2019\/07\/Michelle-Smile-1024x690-1024x576-768x432.jpg 768w\" sizes=\"(max-width: 709px) 85vw, (max-width: 909px) 67vw, (max-width: 1362px) 62vw, 840px\" \/><figcaption>Michelle Fikou, coordinatrice de FaceB<\/figcaption><\/figure>\n\n\n\n<p>Auteure ind\u00e9pendante Michelle Fikou s\u2019est d\u2019abord  form\u00e9e en anthropologie et m\u00e9tiers de l\u2019humanitaire, avant de s\u2019attacher  \u00e0 l\u2019univers radiophonique. Apr\u00e8s avoir travaill\u00e9 comme correspondante journaliste locale, sa passion pour le documentaire et la cr\u00e9ation sonore l\u2019am\u00e8ne \u00e0 s\u2019investir  dans la r\u00e9alisation de formats radio donnant la part belle \u00e0 l\u2019habillage et au travail de l\u2019imaginaire par le son.<\/p>\n\n\n\n<p>Elle intervient pour Face B, sur deux volets : dans le cadre des  formations au reportage radiophonique et initiations aux pratiques  journalistiques et \u00e0 l\u2019occasion de projets de r\u00e9alisation sonore,  interviews, reportages et couverture de festivals.<\/p>\n","protected":false},"excerpt":{"rendered":"<p>Auteure ind\u00e9pendante Michelle Fikou s\u2019est d\u2019abord form\u00e9e en anthropologie et m\u00e9tiers de l\u2019humanitaire, avant de s\u2019attacher \u00e0 l\u2019univers radiophonique. Apr\u00e8s avoir travaill\u00e9 comme correspondante journaliste locale, sa passion pour le documentaire et la cr\u00e9ation sonore l\u2019am\u00e8ne \u00e0 s\u2019investir dans la r\u00e9alisation de formats radio donnant la part belle \u00e0 l\u2019habillage et au travail de l\u2019imaginaire &hellip; <a href=\"https:\/\/facebrealisation.org\/index.php\/qui-sommes-nous\/\" class=\"more-link\">Continuer la lecture<span class=\"screen-reader-text\"> de &laquo;&nbsp;Qui sommes-nous ?&nbsp;&raquo;<\/span><\/a><\/p>\n","protected":false},"author":1,"featured_media":77,"parent":0,"menu_order":0,"comment_status":"closed","ping_status":"closed","template":"","meta":{"footnotes":""},"_links":{"self":[{"href":"https:\/\/facebrealisation.org\/index.php\/wp-json\/wp\/v2\/pages\/5"}],"collection":[{"href":"https:\/\/facebrealisation.org\/index.php\/wp-json\/wp\/v2\/pages"}],"about":[{"href":"https:\/\/facebrealisation.org\/index.php\/wp-json\/wp\/v2\/types\/page"}],"author":[{"embeddable":true,"href":"https:\/\/facebrealisation.org\/index.php\/wp-json\/wp\/v2\/users\/1"}],"replies":[{"embeddable":true,"href":"https:\/\/facebrealisation.org\/index.php\/wp-json\/wp\/v2\/comments?post=5"}],"version-history":[{"count":5,"href":"https:\/\/facebrealisation.org\/index.php\/wp-json\/wp\/v2\/pages\/5\/revisions"}],"predecessor-version":[{"id":156,"href":"https:\/\/facebrealisation.org\/index.php\/wp-json\/wp\/v2\/pages\/5\/revisions\/156"}],"wp:featuredmedia":[{"embeddable":true,"href":"https:\/\/facebrealisation.org\/index.php\/wp-json\/wp\/v2\/media\/77"}],"wp:attachment":[{"href":"https:\/\/facebrealisation.org\/index.php\/wp-json\/wp\/v2\/media?parent=5"}],"curies":[{"name":"wp","href":"https:\/\/api.w.org\/{rel}","templated":true}]}}